{"id":139,"date":"2021-10-07T11:38:02","date_gmt":"2021-10-07T09:38:02","guid":{"rendered":"http:\/\/www.sesselwerk.at\/?page_id=139"},"modified":"2026-04-27T08:55:38","modified_gmt":"2026-04-27T06:55:38","slug":"willkommen","status":"publish","type":"page","link":"https:\/\/www.sesselwerk.at\/","title":{"rendered":""},"content":{"rendered":"\n<p><\/p>\n\n\n\n<div class=\"wp-block-columns is-layout-flex wp-container-core-columns-is-layout-9d6595d7 wp-block-columns-is-layout-flex\">\n<div class=\"wp-block-column is-layout-flow wp-block-column-is-layout-flow\" style=\"flex-basis:50%\">\n<h3 class=\"wp-block-heading\">Herzlich Willkommen bei Sesselwerk<\/h3>\n\n\n\n<p class=\"has-text-align-left\">Ich freue mich, dass Sie sich \u00fcber das Angebot von Sesselwerk informieren. Falls Sie ein M\u00f6belst\u00fcck restaurieren oder reparieren lassen wollen, schicken Sie mir gerne Ihre Anfrage. <\/p>\n\n\n\n<p>Seit Mitte April 2026 gibt es wieder den Wiener Reparaturbon, den Sie auch bei mir einl\u00f6sen k\u00f6nnen. Alle Infos dazu finden Sie hier:\u00a0<a href=\"https:\/\/mein.wien.gv.at\/wienerreparaturbon\/#\/\" target=\"_blank\" rel=\"noreferrer noopener\">https:\/\/mein.wien.gv.at\/wienerreparaturbon\/#\/<\/a><\/p>\n\n\n\n<p>Alles Liebe!<br>Franziska Krisper<\/p>\n<\/div>\n\n\n\n<div class=\"wp-block-column is-layout-flow wp-block-column-is-layout-flow\" style=\"flex-basis:50%\">\n<figure class=\"wp-block-image size-large\"><img loading=\"lazy\" decoding=\"async\" width=\"1024\" height=\"669\" src=\"https:\/\/www.sesselwerk.at\/wp-content\/uploads\/2021\/10\/sesselwerk-repariert-sticker-quer-1024x669.jpg\" alt=\"\" class=\"wp-image-396\" srcset=\"https:\/\/www.sesselwerk.at\/wp-content\/uploads\/2021\/10\/sesselwerk-repariert-sticker-quer-1024x669.jpg 1024w, https:\/\/www.sesselwerk.at\/wp-content\/uploads\/2021\/10\/sesselwerk-repariert-sticker-quer-300x196.jpg 300w, https:\/\/www.sesselwerk.at\/wp-content\/uploads\/2021\/10\/sesselwerk-repariert-sticker-quer-768x502.jpg 768w, https:\/\/www.sesselwerk.at\/wp-content\/uploads\/2021\/10\/sesselwerk-repariert-sticker-quer-1536x1003.jpg 1536w, https:\/\/www.sesselwerk.at\/wp-content\/uploads\/2021\/10\/sesselwerk-repariert-sticker-quer-600x392.jpg 600w, https:\/\/www.sesselwerk.at\/wp-content\/uploads\/2021\/10\/sesselwerk-repariert-sticker-quer.jpg 1817w\" sizes=\"auto, (max-width: 1024px) 100vw, 1024px\" \/><\/figure>\n<\/div>\n<\/div>\n\n\n\n<figure class=\"wp-block-pullquote is-style-default has-border-color\" style=\"border-color:#dcd8cc\"><blockquote><p>Gut erhaltene M\u00f6bel werden zu wertvollen Sch\u00e4tzen, <br>daher restaurieren statt aussortieren.<\/p><cite>Sesselwerk<\/cite><\/blockquote><\/figure>\n\n\n<div class=\"wp-block-image\">\n<figure class=\"aligncenter size-full\"><img loading=\"lazy\" decoding=\"async\" width=\"1170\" height=\"661\" src=\"https:\/\/www.sesselwerk.at\/wp-content\/uploads\/2021\/10\/sesselwerk_werkstatt_004.jpg\" alt=\"\" class=\"wp-image-594\" srcset=\"https:\/\/www.sesselwerk.at\/wp-content\/uploads\/2021\/10\/sesselwerk_werkstatt_004.jpg 1170w, https:\/\/www.sesselwerk.at\/wp-content\/uploads\/2021\/10\/sesselwerk_werkstatt_004-300x169.jpg 300w, https:\/\/www.sesselwerk.at\/wp-content\/uploads\/2021\/10\/sesselwerk_werkstatt_004-1024x579.jpg 1024w, https:\/\/www.sesselwerk.at\/wp-content\/uploads\/2021\/10\/sesselwerk_werkstatt_004-768x434.jpg 768w, https:\/\/www.sesselwerk.at\/wp-content\/uploads\/2021\/10\/sesselwerk_werkstatt_004-600x339.jpg 600w\" sizes=\"auto, (max-width: 1170px) 100vw, 1170px\" \/><\/figure>\n<\/div>","protected":false},"excerpt":{"rendered":"<p>Herzlich Willkommen bei Sesselwerk Ich freue mich, dass Sie sich \u00fcber das Angebot von Sesselwerk informieren. Falls Sie ein M\u00f6belst\u00fcck restaurieren oder reparieren lassen wollen, schicken Sie mir gerne Ihre Anfrage. Seit Mitte April 2026 gibt es wieder den Wiener Reparaturbon, den Sie auch bei mir einl\u00f6sen k\u00f6nnen. Alle Infos dazu finden Sie hier:\u00a0https:\/\/mein.wien.gv.at\/wienerreparaturbon\/#\/ Alles&hellip;&nbsp;<a href=\"https:\/\/www.sesselwerk.at\/\" class=\"\" rel=\"bookmark\">Weiterlesen &raquo;<span class=\"screen-reader-text\"><\/span><\/a><\/p>\n","protected":false},"author":1,"featured_media":0,"parent":0,"menu_order":0,"comment_status":"closed","ping_status":"closed","template":"","meta":{"neve_meta_sidebar":"","neve_meta_container":"","neve_meta_enable_content_width":"","neve_meta_content_width":0,"neve_meta_title_alignment":"","neve_meta_author_avatar":"","neve_post_elements_order":"","neve_meta_disable_header":"","neve_meta_disable_footer":"","neve_meta_disable_title":"","_themeisle_gutenberg_block_has_review":false,"_ti_tpc_template_sync":false,"_ti_tpc_template_id":"","footnotes":""},"class_list":["post-139","page","type-page","status-publish","hentry"],"_links":{"self":[{"href":"https:\/\/www.sesselwerk.at\/index.php?rest_route=\/wp\/v2\/pages\/139","targetHints":{"allow":["GET"]}}],"collection":[{"href":"https:\/\/www.sesselwerk.at\/index.php?rest_route=\/wp\/v2\/pages"}],"about":[{"href":"https:\/\/www.sesselwerk.at\/index.php?rest_route=\/wp\/v2\/types\/page"}],"author":[{"embeddable":true,"href":"https:\/\/www.sesselwerk.at\/index.php?rest_route=\/wp\/v2\/users\/1"}],"replies":[{"embeddable":true,"href":"https:\/\/www.sesselwerk.at\/index.php?rest_route=%2Fwp%2Fv2%2Fcomments&post=139"}],"version-history":[{"count":48,"href":"https:\/\/www.sesselwerk.at\/index.php?rest_route=\/wp\/v2\/pages\/139\/revisions"}],"predecessor-version":[{"id":826,"href":"https:\/\/www.sesselwerk.at\/index.php?rest_route=\/wp\/v2\/pages\/139\/revisions\/826"}],"wp:attachment":[{"href":"https:\/\/www.sesselwerk.at\/index.php?rest_route=%2Fwp%2Fv2%2Fmedia&parent=139"}],"curies":[{"name":"wp","href":"https:\/\/api.w.org\/{rel}","templated":true}]}}