{"id":109,"date":"2021-10-01T10:24:33","date_gmt":"2021-10-01T08:24:33","guid":{"rendered":"http:\/\/www.sesselwerk.at\/?page_id=109"},"modified":"2021-10-20T09:43:09","modified_gmt":"2021-10-20T07:43:09","slug":"mein-angebot","status":"publish","type":"page","link":"https:\/\/www.sesselwerk.at\/?page_id=109","title":{"rendered":""},"content":{"rendered":"\n<p><\/p>\n\n\n\n<figure class=\"wp-block-pullquote\" style=\"border-color:#dcd8cc\"><blockquote><p>Alles aus einer Hand.<\/p><cite>Sesselwerk<\/cite><\/blockquote><\/figure>\n\n\n\n<h3 class=\"wp-block-heading\">Mein Angebot f\u00fcr Ihre Sitz[an]gelegenheiten<\/h3>\n\n\n\n<div class=\"wp-block-columns is-layout-flex wp-container-core-columns-is-layout-9d6595d7 wp-block-columns-is-layout-flex\">\n<div class=\"wp-block-column is-layout-flow wp-block-column-is-layout-flow\">\n<figure class=\"wp-block-image size-large\"><img loading=\"lazy\" decoding=\"async\" width=\"1024\" height=\"1024\" src=\"https:\/\/www.sesselwerk.at\/wp-content\/uploads\/2021\/10\/sesselwerk_flechtwerk-1024x1024.jpg\" alt=\"\" class=\"wp-image-654\" srcset=\"https:\/\/www.sesselwerk.at\/wp-content\/uploads\/2021\/10\/sesselwerk_flechtwerk-1024x1024.jpg 1024w, https:\/\/www.sesselwerk.at\/wp-content\/uploads\/2021\/10\/sesselwerk_flechtwerk-300x300.jpg 300w, https:\/\/www.sesselwerk.at\/wp-content\/uploads\/2021\/10\/sesselwerk_flechtwerk-150x150.jpg 150w, https:\/\/www.sesselwerk.at\/wp-content\/uploads\/2021\/10\/sesselwerk_flechtwerk-768x767.jpg 768w, https:\/\/www.sesselwerk.at\/wp-content\/uploads\/2021\/10\/sesselwerk_flechtwerk-600x599.jpg 600w, https:\/\/www.sesselwerk.at\/wp-content\/uploads\/2021\/10\/sesselwerk_flechtwerk-100x100.jpg 100w, https:\/\/www.sesselwerk.at\/wp-content\/uploads\/2021\/10\/sesselwerk_flechtwerk.jpg 1146w\" sizes=\"auto, (max-width: 1024px) 100vw, 1024px\" \/><\/figure>\n\n\n\n<h3 class=\"wp-block-heading\">Flechtwerk<\/h3>\n\n\n\n<p>Flechtwerke, wie z.B. das \u201eWiener Geflecht\u201c werden von mir von Hand geflochten. Bei moderneren St\u00fchlen kommen meist maschinell gefertigte Flechtmatten zum Einsatz. <a href=\"https:\/\/www.sesselwerk.at\/?page_id=522\" data-type=\"page\" data-id=\"522\">[mehr Info]<\/a><\/p>\n<\/div>\n\n\n\n<div class=\"wp-block-column is-layout-flow wp-block-column-is-layout-flow\">\n<figure class=\"wp-block-image size-large\"><img loading=\"lazy\" decoding=\"async\" width=\"1024\" height=\"1024\" src=\"https:\/\/www.sesselwerk.at\/wp-content\/uploads\/2021\/10\/sesselwerk_holzrestaurierung-1024x1024.jpg\" alt=\"\" class=\"wp-image-653\" srcset=\"https:\/\/www.sesselwerk.at\/wp-content\/uploads\/2021\/10\/sesselwerk_holzrestaurierung-1024x1024.jpg 1024w, https:\/\/www.sesselwerk.at\/wp-content\/uploads\/2021\/10\/sesselwerk_holzrestaurierung-300x300.jpg 300w, https:\/\/www.sesselwerk.at\/wp-content\/uploads\/2021\/10\/sesselwerk_holzrestaurierung-150x150.jpg 150w, https:\/\/www.sesselwerk.at\/wp-content\/uploads\/2021\/10\/sesselwerk_holzrestaurierung-768x768.jpg 768w, https:\/\/www.sesselwerk.at\/wp-content\/uploads\/2021\/10\/sesselwerk_holzrestaurierung-600x600.jpg 600w, https:\/\/www.sesselwerk.at\/wp-content\/uploads\/2021\/10\/sesselwerk_holzrestaurierung-100x100.jpg 100w, https:\/\/www.sesselwerk.at\/wp-content\/uploads\/2021\/10\/sesselwerk_holzrestaurierung.jpg 1109w\" sizes=\"auto, (max-width: 1024px) 100vw, 1024px\" \/><\/figure>\n\n\n\n<h3 class=\"wp-block-heading\">Holzrestaurierung<\/h3>\n\n\n\n<p>Holzrestaurierungen nehme ich an konstruktiven Teilen sowie an Oberfl\u00e4chen vor. St\u00fchle, die aus dem Leim gegangen sind, werden bei mir zerlegt, repariert und restabilisiert.<\/p>\n<\/div>\n<\/div>\n\n\n\n<div class=\"wp-block-columns is-layout-flex wp-container-core-columns-is-layout-9d6595d7 wp-block-columns-is-layout-flex\">\n<div class=\"wp-block-column is-layout-flow wp-block-column-is-layout-flow\">\n<figure class=\"wp-block-image size-full\"><img loading=\"lazy\" decoding=\"async\" width=\"750\" height=\"750\" src=\"https:\/\/www.sesselwerk.at\/wp-content\/uploads\/2021\/10\/sesselwerk-stoffbespannung.jpg\" alt=\"\" class=\"wp-image-506\" srcset=\"https:\/\/www.sesselwerk.at\/wp-content\/uploads\/2021\/10\/sesselwerk-stoffbespannung.jpg 750w, https:\/\/www.sesselwerk.at\/wp-content\/uploads\/2021\/10\/sesselwerk-stoffbespannung-300x300.jpg 300w, https:\/\/www.sesselwerk.at\/wp-content\/uploads\/2021\/10\/sesselwerk-stoffbespannung-150x150.jpg 150w, https:\/\/www.sesselwerk.at\/wp-content\/uploads\/2021\/10\/sesselwerk-stoffbespannung-600x600.jpg 600w, https:\/\/www.sesselwerk.at\/wp-content\/uploads\/2021\/10\/sesselwerk-stoffbespannung-100x100.jpg 100w\" sizes=\"auto, (max-width: 750px) 100vw, 750px\" \/><\/figure>\n\n\n\n<h3 class=\"wp-block-heading\">Stoffbespannung<\/h3>\n\n\n\n<p>Stoffbespannte Sitzfl\u00e4chen, die in die Jahre gekommen sind, werden von mir neu bezogen. Sie bringen mir Ihr M\u00f6belst\u00fcck, den gew\u00fcnschten Stoff samt Borte und ich \u00fcbernehme den Rest. <\/p>\n<\/div>\n\n\n\n<div class=\"wp-block-column is-layout-flow wp-block-column-is-layout-flow\">\n<figure class=\"wp-block-image size-large\"><img loading=\"lazy\" decoding=\"async\" width=\"1024\" height=\"1024\" src=\"https:\/\/www.sesselwerk.at\/wp-content\/uploads\/2021\/10\/sesselwerk-schnuerung-1-1024x1024.jpg\" alt=\"\" class=\"wp-image-508\" srcset=\"https:\/\/www.sesselwerk.at\/wp-content\/uploads\/2021\/10\/sesselwerk-schnuerung-1-1024x1024.jpg 1024w, https:\/\/www.sesselwerk.at\/wp-content\/uploads\/2021\/10\/sesselwerk-schnuerung-1-300x300.jpg 300w, https:\/\/www.sesselwerk.at\/wp-content\/uploads\/2021\/10\/sesselwerk-schnuerung-1-150x150.jpg 150w, https:\/\/www.sesselwerk.at\/wp-content\/uploads\/2021\/10\/sesselwerk-schnuerung-1-768x768.jpg 768w, https:\/\/www.sesselwerk.at\/wp-content\/uploads\/2021\/10\/sesselwerk-schnuerung-1-600x600.jpg 600w, https:\/\/www.sesselwerk.at\/wp-content\/uploads\/2021\/10\/sesselwerk-schnuerung-1-100x100.jpg 100w, https:\/\/www.sesselwerk.at\/wp-content\/uploads\/2021\/10\/sesselwerk-schnuerung-1.jpg 1400w\" sizes=\"auto, (max-width: 1024px) 100vw, 1024px\" \/><\/figure>\n\n\n\n<h3 class=\"wp-block-heading\">Schn\u00fcrungen<\/h3>\n\n\n\n<p>Es gibt eine Vielzahl an unterschiedlichen d\u00e4nischen Schnurgeflechten. Mit der richtigen Technik kann ich auch die Sitzfl\u00e4che Ihres Sessels mit Papierschnur erneuern.<\/p>\n<\/div>\n<\/div>\n","protected":false},"excerpt":{"rendered":"<p>Alles aus einer Hand. Sesselwerk Mein Angebot f\u00fcr Ihre Sitz[an]gelegenheiten Flechtwerk Flechtwerke, wie z.B. das \u201eWiener Geflecht\u201c werden von mir von Hand geflochten. Bei moderneren St\u00fchlen kommen meist maschinell gefertigte Flechtmatten zum Einsatz. [mehr Info] Holzrestaurierung Holzrestaurierungen nehme ich an konstruktiven Teilen sowie an Oberfl\u00e4chen vor. St\u00fchle, die aus dem Leim gegangen sind, werden bei&hellip;&nbsp;<a href=\"https:\/\/www.sesselwerk.at\/?page_id=109\" class=\"\" rel=\"bookmark\">Weiterlesen &raquo;<span class=\"screen-reader-text\"><\/span><\/a><\/p>\n","protected":false},"author":1,"featured_media":0,"parent":0,"menu_order":0,"comment_status":"closed","ping_status":"closed","template":"","meta":{"neve_meta_sidebar":"","neve_meta_container":"","neve_meta_enable_content_width":"","neve_meta_content_width":0,"neve_meta_title_alignment":"","neve_meta_author_avatar":"","neve_post_elements_order":"","neve_meta_disable_header":"","neve_meta_disable_footer":"","neve_meta_disable_title":"","_themeisle_gutenberg_block_has_review":false,"_ti_tpc_template_sync":false,"_ti_tpc_template_id":"","footnotes":""},"class_list":["post-109","page","type-page","status-publish","hentry"],"_links":{"self":[{"href":"https:\/\/www.sesselwerk.at\/index.php?rest_route=\/wp\/v2\/pages\/109","targetHints":{"allow":["GET"]}}],"collection":[{"href":"https:\/\/www.sesselwerk.at\/index.php?rest_route=\/wp\/v2\/pages"}],"about":[{"href":"https:\/\/www.sesselwerk.at\/index.php?rest_route=\/wp\/v2\/types\/page"}],"author":[{"embeddable":true,"href":"https:\/\/www.sesselwerk.at\/index.php?rest_route=\/wp\/v2\/users\/1"}],"replies":[{"embeddable":true,"href":"https:\/\/www.sesselwerk.at\/index.php?rest_route=%2Fwp%2Fv2%2Fcomments&post=109"}],"version-history":[{"count":47,"href":"https:\/\/www.sesselwerk.at\/index.php?rest_route=\/wp\/v2\/pages\/109\/revisions"}],"predecessor-version":[{"id":655,"href":"https:\/\/www.sesselwerk.at\/index.php?rest_route=\/wp\/v2\/pages\/109\/revisions\/655"}],"wp:attachment":[{"href":"https:\/\/www.sesselwerk.at\/index.php?rest_route=%2Fwp%2Fv2%2Fmedia&parent=109"}],"curies":[{"name":"wp","href":"https:\/\/api.w.org\/{rel}","templated":true}]}}