{"id":105,"date":"2021-10-01T10:19:04","date_gmt":"2021-10-01T08:19:04","guid":{"rendered":"http:\/\/www.sesselwerk.at\/?page_id=105"},"modified":"2024-05-17T17:53:09","modified_gmt":"2024-05-17T15:53:09","slug":"impressum","status":"publish","type":"page","link":"https:\/\/www.sesselwerk.at\/?page_id=105","title":{"rendered":""},"content":{"rendered":"\n<p><\/p>\n\n\n\n<h3 class=\"wp-block-heading\">Impressum<\/h3>\n\n\n\n<p>F\u00fcr den Inhalt verantwortlich:<\/p>\n\n\n\n<p>Franziska Krisper<br>Rotenl\u00f6wengasse 13<br>1090 Wien<br>+43 650 36 31 324<br><a href=\"mailto:f.krisper@sesselwerk.at\">f.krisper@sesselwerk.at<\/a><\/p>\n\n\n\n<p>Mitglied beim <a href=\"https:\/\/www.reparaturnetzwerk.at\/sesselwerk-franziska-krisper\" data-type=\"link\" data-id=\"https:\/\/www.reparaturnetzwerk.at\/sesselwerk-franziska-krisper\" target=\"_blank\" rel=\"noreferrer noopener\">Reparaturnetzwerk<\/a> (seit Herbst 2023)<\/p>\n\n\n\n<p>Mitglied der Wirtschaftskammer Wien<br>Gewerbebeh\u00f6rde Magistrat der Stadt Wien<br>GISA-Zahl: 31443845<\/p>\n\n\n\n<p>Fotos: Franziska Krisper<br>Branding: <a href=\"https:\/\/www.garnitur.com\/\" data-type=\"link\" data-id=\"https:\/\/www.garnitur.com\/\" target=\"_blank\" rel=\"noreferrer noopener\">garnitur<\/a> &#8211; B\u00fcro f\u00fcr Gestaltung aller Art<\/p>\n","protected":false},"excerpt":{"rendered":"<p>Impressum F\u00fcr den Inhalt verantwortlich: Franziska KrisperRotenl\u00f6wengasse 131090 Wien+43 650 36 31 324f.krisper@sesselwerk.at Mitglied beim Reparaturnetzwerk (seit Herbst 2023) Mitglied der Wirtschaftskammer WienGewerbebeh\u00f6rde Magistrat der Stadt WienGISA-Zahl: 31443845 Fotos: Franziska KrisperBranding: garnitur &#8211; B\u00fcro f\u00fcr Gestaltung aller Art<\/p>\n","protected":false},"author":1,"featured_media":0,"parent":0,"menu_order":0,"comment_status":"closed","ping_status":"closed","template":"","meta":{"neve_meta_sidebar":"","neve_meta_container":"","neve_meta_enable_content_width":"","neve_meta_content_width":0,"neve_meta_title_alignment":"","neve_meta_author_avatar":"","neve_post_elements_order":"","neve_meta_disable_header":"","neve_meta_disable_footer":"","neve_meta_disable_title":"","_themeisle_gutenberg_block_has_review":false,"_ti_tpc_template_sync":false,"_ti_tpc_template_id":"","footnotes":""},"class_list":["post-105","page","type-page","status-publish","hentry"],"_links":{"self":[{"href":"https:\/\/www.sesselwerk.at\/index.php?rest_route=\/wp\/v2\/pages\/105","targetHints":{"allow":["GET"]}}],"collection":[{"href":"https:\/\/www.sesselwerk.at\/index.php?rest_route=\/wp\/v2\/pages"}],"about":[{"href":"https:\/\/www.sesselwerk.at\/index.php?rest_route=\/wp\/v2\/types\/page"}],"author":[{"embeddable":true,"href":"https:\/\/www.sesselwerk.at\/index.php?rest_route=\/wp\/v2\/users\/1"}],"replies":[{"embeddable":true,"href":"https:\/\/www.sesselwerk.at\/index.php?rest_route=%2Fwp%2Fv2%2Fcomments&post=105"}],"version-history":[{"count":11,"href":"https:\/\/www.sesselwerk.at\/index.php?rest_route=\/wp\/v2\/pages\/105\/revisions"}],"predecessor-version":[{"id":710,"href":"https:\/\/www.sesselwerk.at\/index.php?rest_route=\/wp\/v2\/pages\/105\/revisions\/710"}],"wp:attachment":[{"href":"https:\/\/www.sesselwerk.at\/index.php?rest_route=%2Fwp%2Fv2%2Fmedia&parent=105"}],"curies":[{"name":"wp","href":"https:\/\/api.w.org\/{rel}","templated":true}]}}